{"id":95,"date":"2025-03-20T10:56:05","date_gmt":"2025-03-20T10:56:05","guid":{"rendered":"https:\/\/susanns.ch\/hundesalon2025\/?page_id=95"},"modified":"2025-05-09T09:42:38","modified_gmt":"2025-05-09T09:42:38","slug":"portrait","status":"publish","type":"page","link":"https:\/\/susanns.ch\/hundesalon2025\/index.php\/portrait\/","title":{"rendered":"Portrait"},"content":{"rendered":"\n<figure class=\"wp-block-image size-full\" style=\"margin-right:0;margin-left:0\"><img loading=\"lazy\" decoding=\"async\" width=\"1536\" height=\"2048\" src=\"https:\/\/susanns.ch\/hundesalon2025\/wp-content\/uploads\/2025\/04\/IMG-2241216-WA0011-1.jpg\" alt=\"\" class=\"wp-image-165\" style=\"aspect-ratio:16\/9;object-fit:cover\" srcset=\"https:\/\/susanns.ch\/hundesalon2025\/wp-content\/uploads\/2025\/04\/IMG-2241216-WA0011-1.jpg 1536w, https:\/\/susanns.ch\/hundesalon2025\/wp-content\/uploads\/2025\/04\/IMG-2241216-WA0011-1-225x300.jpg 225w, https:\/\/susanns.ch\/hundesalon2025\/wp-content\/uploads\/2025\/04\/IMG-2241216-WA0011-1-768x1024.jpg 768w, https:\/\/susanns.ch\/hundesalon2025\/wp-content\/uploads\/2025\/04\/IMG-2241216-WA0011-1-1152x1536.jpg 1152w\" sizes=\"auto, (max-width: 1536px) 100vw, 1536px\" \/><\/figure>\n\n\n\n<div class=\"wp-block-columns is-layout-flex wp-container-core-columns-is-layout-28f84493 wp-block-columns-is-layout-flex\">\n<div class=\"wp-block-column is-layout-flow wp-block-column-is-layout-flow\">\n<h2 class=\"wp-block-heading has-text-color has-link-color wp-elements-c6fce568b7b43fbc07468517ebf82531\" style=\"color:#404040\">Susanne Sp\u00e4ti<\/h2>\n\n\n\n<p class=\"has-text-color has-link-color wp-elements-98685c5898c2b25489aada68120c0a24\" style=\"color:#404040\"><strong>1972\u20131976<\/strong><br>Ausbildung zur Tierpflegerin, Praxisassistentin und Hundecoiffeuse mit Diplomabschluss und anschliessender 2-j\u00e4hriger Anstellung<br>&nbsp;<br><strong>1978\u20131980<\/strong><br>Institut Bachema, Z\u00fcrich (med. Privat-Labor)<br>Anstellung als med. Laborantin, 1982 Bef\u00f6rderung zur Cheflaborantin<br>&nbsp;<br><strong>ab 1990<\/strong><br>Selbstst\u00e4ndige Hundecoiffeuse in Knonau<br>&nbsp;<br><strong>ab 2001<\/strong><br>Pferdeausbildnerin (Reitstunden und Beritt)<br>&nbsp;<br><strong>2005<\/strong><br>Bezug des neuen Hundesalons im Eschfeld 4 in Knonau<br>&nbsp;<br><strong>2008<\/strong><br>Trimmkurs mit Diplom bei Jack Houben NL<br>&nbsp;<br><strong>2014<\/strong><br>Ausbildung mit Diplom als Atlastherapeutin f\u00fcr Hund, Pferd und Mensch<br>&nbsp;<br><strong>2015<\/strong><br>Einrichtung des Therapiezimmers f\u00fcr Atlasbehandlungen am Menschen im Eschfeld 4 in Knonau<br>&nbsp;<br><strong>2016<\/strong><br>Gr\u00fcndung Athu`s GmbH<\/p>\n<\/div>\n\n\n\n<div class=\"wp-block-column is-layout-flow wp-block-column-is-layout-flow\">\n<h2 class=\"wp-block-heading has-text-color has-link-color wp-elements-a01bdb10df92f732e3282225ad0fd872\" style=\"color:#404040\">Andrea Sp\u00e4ti<\/h2>\n\n\n\n<p class=\"has-text-color has-link-color wp-elements-82a79aee29a1a7d2d6e725c414cb4877\" style=\"color:#404040\"><strong>2009 &#8211; 2011<\/strong><br>Notariatssekret\u00e4rin<\/p>\n\n\n\n<p class=\"has-text-color has-link-color wp-elements-6b198ab55e2e4554d52878f74764ec11\" style=\"color:#404040\"><strong>2011 &#8211; 2023<\/strong><br>Immobilienvermarkterin mit eidg. FA \/ Immobilienbewirtschafterin mit eidg. FA<\/p>\n\n\n\n<p class=\"has-text-color has-link-color wp-elements-028e5433da4ffd30de9abad526167b91\" style=\"color:#404040\"><strong>2022<\/strong><br>Praktikum in der Hundeschule Capraro mit anschliessender Anstellung<\/p>\n\n\n\n<p class=\"has-text-color has-link-color wp-elements-714ef6d5b8f7afcdc953d3a50b2d5353\" style=\"color:#404040\"><strong>2023<\/strong><br>Abschluss Ausbildung zur Hundeinstruktorin und Dogsitterin (Certodog)<\/p>\n\n\n\n<p class=\"has-text-color has-link-color wp-elements-7a561d87227ce4f1dd768d28ae9910f7\" style=\"color:#404040\"><strong>2024<\/strong><br>Ausbildung zur Hundecoiffeuse <\/p>\n\n\n\n<p class=\"has-text-color has-link-color wp-elements-794512317591b5c9258001bfdcb783f1\" style=\"color:#404040\"><strong>&#8230;<\/strong><br>HUNDherum gl\u00fccklich<\/p>\n<\/div>\n<\/div>\n","protected":false},"excerpt":{"rendered":"<p>Susanne Sp\u00e4ti 1972\u20131976Ausbildung zur Tierpflegerin, Praxisassistentin und Hundecoiffeuse mit Diplomabschluss und anschliessender 2-j\u00e4hriger Anstellung&nbsp;1978\u20131980Institut Bachema, Z\u00fcrich (med. Privat-Labor)Anstellung als med. Laborantin, 1982 Bef\u00f6rderung zur Cheflaborantin&nbsp;ab 1990Selbstst\u00e4ndige Hundecoiffeuse in Knonau&nbsp;ab 2001Pferdeausbildnerin (Reitstunden und Beritt)&nbsp;2005Bezug des neuen Hundesalons im Eschfeld 4 in Knonau&nbsp;2008Trimmkurs mit Diplom bei Jack Houben NL&nbsp;2014Ausbildung mit Diplom als Atlastherapeutin f\u00fcr Hund, Pferd und [&hellip;]<\/p>\n","protected":false},"author":1,"featured_media":0,"parent":0,"menu_order":0,"comment_status":"closed","ping_status":"closed","template":"","meta":{"footnotes":""},"class_list":["post-95","page","type-page","status-publish","hentry"],"_links":{"self":[{"href":"https:\/\/susanns.ch\/hundesalon2025\/index.php\/wp-json\/wp\/v2\/pages\/95","targetHints":{"allow":["GET"]}}],"collection":[{"href":"https:\/\/susanns.ch\/hundesalon2025\/index.php\/wp-json\/wp\/v2\/pages"}],"about":[{"href":"https:\/\/susanns.ch\/hundesalon2025\/index.php\/wp-json\/wp\/v2\/types\/page"}],"author":[{"embeddable":true,"href":"https:\/\/susanns.ch\/hundesalon2025\/index.php\/wp-json\/wp\/v2\/users\/1"}],"replies":[{"embeddable":true,"href":"https:\/\/susanns.ch\/hundesalon2025\/index.php\/wp-json\/wp\/v2\/comments?post=95"}],"version-history":[{"count":15,"href":"https:\/\/susanns.ch\/hundesalon2025\/index.php\/wp-json\/wp\/v2\/pages\/95\/revisions"}],"predecessor-version":[{"id":184,"href":"https:\/\/susanns.ch\/hundesalon2025\/index.php\/wp-json\/wp\/v2\/pages\/95\/revisions\/184"}],"wp:attachment":[{"href":"https:\/\/susanns.ch\/hundesalon2025\/index.php\/wp-json\/wp\/v2\/media?parent=95"}],"curies":[{"name":"wp","href":"https:\/\/api.w.org\/{rel}","templated":true}]}}