{"id":137,"date":"2025-03-20T13:07:38","date_gmt":"2025-03-20T13:07:38","guid":{"rendered":"https:\/\/susanns.ch\/hundesalon2025\/?page_id=137"},"modified":"2025-04-27T06:09:39","modified_gmt":"2025-04-27T06:09:39","slug":"hundeshampoo","status":"publish","type":"page","link":"https:\/\/susanns.ch\/hundesalon2025\/index.php\/hundeshampoo\/","title":{"rendered":"HUNDE SHAMPOO"},"content":{"rendered":"\n<div class=\"wp-block-cover\" style=\"margin-top:0;margin-bottom:0;padding-right:0;padding-left:0\"><img loading=\"lazy\" decoding=\"async\" width=\"1800\" height=\"1200\" class=\"wp-block-cover__image-background wp-image-60\" alt=\"\" src=\"https:\/\/susanns.ch\/hundesalon2025\/wp-content\/uploads\/2025\/01\/shampoo.jpg\" data-object-fit=\"cover\" srcset=\"https:\/\/susanns.ch\/hundesalon2025\/wp-content\/uploads\/2025\/01\/shampoo.jpg 1800w, https:\/\/susanns.ch\/hundesalon2025\/wp-content\/uploads\/2025\/01\/shampoo-300x200.jpg 300w, https:\/\/susanns.ch\/hundesalon2025\/wp-content\/uploads\/2025\/01\/shampoo-1024x683.jpg 1024w, https:\/\/susanns.ch\/hundesalon2025\/wp-content\/uploads\/2025\/01\/shampoo-768x512.jpg 768w, https:\/\/susanns.ch\/hundesalon2025\/wp-content\/uploads\/2025\/01\/shampoo-1536x1024.jpg 1536w\" sizes=\"auto, (max-width: 1800px) 100vw, 1800px\" \/><span aria-hidden=\"true\" class=\"wp-block-cover__background has-background-dim-0 has-background-dim\"><\/span><div class=\"wp-block-cover__inner-container has-global-padding is-layout-constrained wp-container-core-cover-is-layout-96f21700 wp-block-cover-is-layout-constrained\">\n<p class=\"has-text-align-center has-large-font-size\"><\/p>\n<\/div><\/div>\n\n\n\n<h2 class=\"wp-block-heading has-text-color has-link-color wp-elements-3e74a00e823a0094232055cbdb4ef366\" style=\"color:#404040\"><br>Susann&#8217;s Hunde-Shampoo besteht aus 100% nat\u00fcrlichen Inhaltsstoffen<\/h2>\n\n\n\n<p class=\"has-text-color has-link-color wp-elements-30bc81018ae4566ad10c7f51c149cd5a\" style=\"color:#404040\"><strong>Zusammensetzung:<\/strong><br>Kernseife, Seife aus Kokos\u00f6l, Seife aus Oliven\u00f6l, \u00e4therisches Lavendel\u00f6l, Pflanzl. Alkohol konvent., Zuckertenside konvent., Pflanzl. Glycerin biologisch, Gurjunbalsam, Citrat, Essig, Wasser gewirbelt<\/p>\n\n\n\n<p class=\"has-text-color has-link-color wp-elements-6e65320103ebfa6d435560f72e5e7ad7\" style=\"color:#404040\">pH 7,5<\/p>\n\n\n\n<p><\/p>\n\n\n\n<p><\/p>\n","protected":false},"excerpt":{"rendered":"<p>Susann&#8217;s Hunde-Shampoo besteht aus 100% nat\u00fcrlichen Inhaltsstoffen Zusammensetzung:Kernseife, Seife aus Kokos\u00f6l, Seife aus Oliven\u00f6l, \u00e4therisches Lavendel\u00f6l, Pflanzl. Alkohol konvent., Zuckertenside konvent., Pflanzl. Glycerin biologisch, Gurjunbalsam, Citrat, Essig, Wasser gewirbelt pH 7,5<\/p>\n","protected":false},"author":1,"featured_media":0,"parent":0,"menu_order":0,"comment_status":"closed","ping_status":"closed","template":"","meta":{"footnotes":""},"class_list":["post-137","page","type-page","status-publish","hentry"],"_links":{"self":[{"href":"https:\/\/susanns.ch\/hundesalon2025\/index.php\/wp-json\/wp\/v2\/pages\/137","targetHints":{"allow":["GET"]}}],"collection":[{"href":"https:\/\/susanns.ch\/hundesalon2025\/index.php\/wp-json\/wp\/v2\/pages"}],"about":[{"href":"https:\/\/susanns.ch\/hundesalon2025\/index.php\/wp-json\/wp\/v2\/types\/page"}],"author":[{"embeddable":true,"href":"https:\/\/susanns.ch\/hundesalon2025\/index.php\/wp-json\/wp\/v2\/users\/1"}],"replies":[{"embeddable":true,"href":"https:\/\/susanns.ch\/hundesalon2025\/index.php\/wp-json\/wp\/v2\/comments?post=137"}],"version-history":[{"count":4,"href":"https:\/\/susanns.ch\/hundesalon2025\/index.php\/wp-json\/wp\/v2\/pages\/137\/revisions"}],"predecessor-version":[{"id":173,"href":"https:\/\/susanns.ch\/hundesalon2025\/index.php\/wp-json\/wp\/v2\/pages\/137\/revisions\/173"}],"wp:attachment":[{"href":"https:\/\/susanns.ch\/hundesalon2025\/index.php\/wp-json\/wp\/v2\/media?parent=137"}],"curies":[{"name":"wp","href":"https:\/\/api.w.org\/{rel}","templated":true}]}}